{"id":26,"date":"2012-10-22T18:55:17","date_gmt":"2012-10-22T18:55:17","guid":{"rendered":"http:\/\/muncydentalcare.com\/?page_id=26"},"modified":"2022-05-05T20:06:04","modified_gmt":"2022-05-05T20:06:04","slug":"patient-testimonials","status":"publish","type":"page","link":"https:\/\/muncydentalcare.com\/?page_id=26","title":{"rendered":"Patient Testimonials"},"content":{"rendered":"<blockquote><p>&#8220;My husband and I have greatly improved dental health after seeking treatment from Drs. Jim and Beatrice Muncy. We feel more comfortable with the level of care and experience and are confident in work that is done. We love the feel of a family practice and no longer dread going to the dentist.&#8221;<\/p><\/blockquote>\n<p><span style=\"color: #808080;\"><strong> Kimberley and Charles Harrell<br \/>\n<\/strong><\/span><\/p>\n<blockquote><p>&#8220;I am a big chicken when it comes to dental work! And also my teeth and mouth are quite a challenge for a dentist! I just have weird things happen to my mouth. But I lost my childhood dentist to retirement and a friend of mine recommended I check out MCV Dental School to locate a new dentist. Well, on my second trip there I was assigned Beatrice (Diaz) Muncy. She was the most caring and dedicated person I had ever met. And believe me, I have put her through the test and she has never let me down! I have been with her for the balance of dental school, followed her<br \/>\nto other dental offices she has worked, and then into hers and Jim&#8217;s practice. I would HIGHLY recommend Beatrice and Jim to anyone! My granddaughter has even started going there, too, so Beatrice has worked on 3 generations. If you are looking for a wonderful dental office, then go see Drs. Beatrice and James Muncy and you will NOT regret it.&#8221;<\/p><\/blockquote>\n<p><span style=\"color: #808080;\"><strong> Katie Puryear and Family<br \/>\n<\/strong><\/span><\/p>\n<blockquote><p>&#8220;I have been a patient of Dr. Beatrice Muncy for about 15 years. I have always found a warm smile and special greeting each time I walk in the door. Dr. Muncy makes going to the dentist enjoyable and relaxing. I am able to bring in my iPod so that I can listen to music while being worked on. The entire office staff makes you feel as if you are one of the family!&#8221;<\/p><\/blockquote>\n<p><span style=\"color: #808080;\"><strong> Kassie H.<\/strong><\/span><\/p>\n<blockquote><p>&#8220;I have had the privilege of knowing Drs. James and Beatrice Muncy for the last fourteen years. While employed as a part-time Dental Hygienist for Dr. Beatrice Muncy, I witnessed her ability to take care of patients in an honest, kind and gentle manner. Dr. Muncy demonstrates the ability to communicate well with her patients and helps educate them throughout their treatment. She is an excellent and compassionate Dentist that provides the highest quality of dental care for her patients. The staff are all kind, helpful and knowledgeable. Many of my friends and family receive care from this practice. I continue to refer patients to Drs. James and Beatrice Muncy because I feel strongly that they will receive excellent dental care.&#8221;<\/p><\/blockquote>\n<p><span style=\"color: #808080;\"><strong> <strong>Lora Woodell, RDH<\/strong><br \/>\n<\/strong><\/span><\/p>\n<blockquote><p>&#8220;Ok, to say that my entire family loves the Muncys is an understatement. My three sons actually enjoy going to the dentist. My daughter-in-law, who had serious dental work to be done and was afraid of all dentists, sings your praises. She loves the patience and gentleness of everyone there (she also loved the fact that you loved on her new baby). I love the friendliness and professionalism of the staff. I like the fact that I never feel rushed; I can ask questions about everything from my teeth to dental insurance and get a complete answer. You guys are the best!&#8221;<\/p><\/blockquote>\n<p><span style=\"color: #808080;\"><strong> Suzanne Bristow<\/strong><\/span><\/p>\n<p>&nbsp;<\/p>\n<blockquote><p>&#8220;La mejor experiencia en cuidado dental para mi y mi familia ha sido sin duda alguna con la doctora Beatrice Muncy.&nbsp;Es una profesional de primera que trabaja con integridad y total dedicaci\u00f3n.&nbsp;La doctora Muncy tiene manos de seda,&nbsp;paciencia de \u00e1ngel para explicar al detalle lo que se necesita hacer, y es muy minuciosa en su trabajo.&nbsp;Mi hija y yo llevamos m\u00e1s de ocho a\u00f1os bajo su cuidado y gracias a ella y a su equipo de profesionales, gozamos de excelente salud dental.&nbsp;Mi esposo finalmente se convenci\u00f3 y como hace dos a\u00f1os inici\u00f3 consultas y tratamientos tambi\u00e9n con ella.&nbsp;Ha quedado completamente satisfecho y ahora tambi\u00e9n goza de muy buena salud dental.&nbsp;Con toda honestidad, recomiendo su pr\u00e1ctica a quien le pueda interesar.&nbsp;Estar\u00e1 usted en las mejores manos.&#8221;<\/p><\/blockquote>\n<p><span style=\"color: #808080;\"><strong><strong> Mary Elsa Gayoso<\/strong><br \/>\n<\/strong><\/span><\/p>\n","protected":false},"excerpt":{"rendered":"<p>&#8220;My husband and I have greatly improved dental health after seeking treatment from Drs. Jim and Beatrice Muncy. We feel more comfortable with the level of care and experience and are confident in work that is done. We love the feel of a family practice and no longer dread going to the dentist.&#8221; Kimberley and [&hellip;]<\/p>\n","protected":false},"author":1,"featured_media":0,"parent":9,"menu_order":0,"comment_status":"closed","ping_status":"open","template":"","meta":{"spay_email":""},"jetpack_sharing_enabled":true,"jetpack_shortlink":"https:\/\/wp.me\/P2U2cT-q","_links":{"self":[{"href":"https:\/\/muncydentalcare.com\/index.php?rest_route=\/wp\/v2\/pages\/26"}],"collection":[{"href":"https:\/\/muncydentalcare.com\/index.php?rest_route=\/wp\/v2\/pages"}],"about":[{"href":"https:\/\/muncydentalcare.com\/index.php?rest_route=\/wp\/v2\/types\/page"}],"author":[{"embeddable":true,"href":"https:\/\/muncydentalcare.com\/index.php?rest_route=\/wp\/v2\/users\/1"}],"replies":[{"embeddable":true,"href":"https:\/\/muncydentalcare.com\/index.php?rest_route=%2Fwp%2Fv2%2Fcomments&post=26"}],"version-history":[{"count":15,"href":"https:\/\/muncydentalcare.com\/index.php?rest_route=\/wp\/v2\/pages\/26\/revisions"}],"predecessor-version":[{"id":465,"href":"https:\/\/muncydentalcare.com\/index.php?rest_route=\/wp\/v2\/pages\/26\/revisions\/465"}],"up":[{"embeddable":true,"href":"https:\/\/muncydentalcare.com\/index.php?rest_route=\/wp\/v2\/pages\/9"}],"wp:attachment":[{"href":"https:\/\/muncydentalcare.com\/index.php?rest_route=%2Fwp%2Fv2%2Fmedia&parent=26"}],"curies":[{"name":"wp","href":"https:\/\/api.w.org\/{rel}","templated":true}]}}